{"id":80,"date":"2016-06-08T14:48:56","date_gmt":"2016-06-08T13:48:56","guid":{"rendered":"http:\/\/esadmm.fr\/en\/?page_id=80"},"modified":"2020-05-13T14:07:27","modified_gmt":"2020-05-13T13:07:27","slug":"international-exchange","status":"publish","type":"page","link":"http:\/\/esadmm.fr\/en\/welcome\/international-exchange\/","title":{"rendered":"INTERNATIONAL EXCHANGE"},"content":{"rendered":"<p>The ESADMM is dedicated to developing ambitious international policies. The school relies on a first class student exchange network. The goal of our presence internationally is to take into account and track the art scene&#8217;s evolution: the appearance of globalized art regarding art criticism in reference to Western international art models over the past two decades. This new position is taught at the school through seminars, classes and conferences. Educational trips, dedicated to big European events, like the Documenta de Kassel or principal biennales (Venice, Lyon&#8230;) complete this approach.<\/p>\n<p>Partnership strategies, which the school develops or considers, are open to the world, beyond local and regional territories such as our contacts with the city of Beijing or the Ivory Coast art show for example.<\/p>\n<p>Europe also remains a terrain with privileged collaborations, shown by the relations with cities like Hamburg or Zurich. The dialogue maintained with the Villa Mediterranean has given birth to the \u201cAgora\u201d project led by the Design department in partnership with design institutes in Jerusalem, Istanbul, Thelassoniki and Venice, pursuing the school&#8217;s presence in the Mediterranean.<\/p>\n<p>&nbsp;<\/p>\n<p><strong>INTERNATIONAL NETWORKS OF PARTNER SCHOOLS<\/strong><\/p>\n<p>The ESADMM is ranked among top art schools for the quality and number of student exchanges. Moreover, the school is at the heart of the initiative of art schools in the Erasmus program. The exchanges and stays are put in place with more than 50 art and design schools in the world.<\/p>\n<p>Each year, about 40 fourth-year-students (Design and Art majors), benefit from numerous partnerships with other Art and Design schools. These international movements also concern teachers: each year, several teachers go to our European partner schools, and we receive in return, artists and theoreticians from these schools.<\/p>\n<p>&nbsp;<\/p>\n<p><strong>WELCOMING INTERNATIONAL STUDENTS<\/strong><\/p>\n<p>These exchanges are also the occasion for the ESADMM to welcome many international students during one or two semesters. Everything is done so that their integration within the school is as fast as possible. Free French lessons are given by the ESADMM. A specific evaluation form is given to the students, and is adapted to the diversity of each student and their school requirements (level of studies, language level, artistic domain, number of credits required etc.) International students are received depending on their level of study in their school of origin.<\/p>\n<p><strong>CHOICE\u00a0OF COURSES &amp; CORRESPONDANTS CREDITS\u00a0for\u00a0students welcomed in exchange<\/strong><\/p>\n<p>We offer every year in September a booklet of courses. To start making your choice, you can already find some courses on the website of the ESADMM: www.esadmm.fr<br \/>\nFor one semestre: every student in exchange must choose at least one CPI (Practice and Research Field), each of one gives 5 credits, and they could get 30 credits maximum:<\/p>\n<p><strong><br \/>\nTheoretical and methodological education<\/strong>: 10 credits<\/p>\n<p>\u2013 Courses of FLE (French as foreign language) OR 1 theoretical seminar\/course 2 credits<\/p>\n<p>\u2013 1 workshop OR 1 ARC 3 credits<\/p>\n<p>\u2013 Drawing lessons OR 1 project in technical workshops\/bases (print\/edition,<br \/>\nground-glass, computer graphics, sound, video, metal, wood) 3 credits<\/p>\n<p>\u2013 Collective exhibition\/publishing or outside project (exhibition, training, event validated by the study director) OR 2 credits<\/p>\n<p><strong>Arts education<\/strong>: 20 credits<\/p>\n<p>\u2013 2 CPI CPI (Practice and Research Field)10 credits<br \/>\n* 5 credits each<\/p>\n<p>\u2013 \u201cBilan\u201d (assessment of the semester with presentation of works) 10 credits<br \/>\n* Personal research 5 credits<br \/>\n* Spacing 5 credits<br \/>\nWe offer every year in September a book of teachings. To start making your choice, you can already find some courses on the site of the ESADMM: www.esadmm.fr<br \/>\ndates:<br \/>\nWinter semester: October 1st, 2018 to February 1st, 2019<br \/>\nSpring semester: from February 4th to June 27th, 2019<\/p>\n<p>Well integrated into the curriculum:<br \/>\nInternational trade in the ESADMM are primarily open to students master one. You\u2019ll be welcomed into the group of students in licence or master one corresponding to the 5th to 8th semesters. However, in the \u00ab\u00a0CPI\u00a0\u00bb and workshops, students from different levels come together and work together. That is why we also accept to receive students who have not yet reached the master. They can choose courses appropriate to their level of education.<\/p>\n<p>&nbsp;<\/p>\n<p>&nbsp;<\/p>\n<p><strong>FOREIGN STUDY, MOBILITY<\/strong><\/p>\n<p>Foreign study is offered to students in 2<sup>nd<\/sup> degree program, during the first semester of 4<sup>th<\/sup> year (semester 7). These visits must be prepared in advance. In the year preceding the visit (in November), an information meeting is scheduled for all the 3<sup>rd<\/sup>-year-students. This meeting is the occasion to: reaffirm the school&#8217;s position in terms of international mobility, determine the obligations and stakes that result from foreign study and to specify the procedures for enrollment forms.<\/p>\n<p>A selection committee for foreign study is organized in March. It is composed of the art and pedagogy director, the study and research accountant, the international relations accountant, the international pedagogy exchange coordinator, coordinating professors of 3<sup>rd<\/sup>-year and two professors.<\/p>\n<p><strong>OBTAINING CREDITS DURING FOREIGN STUDY<\/strong><\/p>\n<p>The semester is validated thanks to mandatory feedback at the start of semester 8; there are different case scenarios:<\/p>\n<p>The exchange semester validation: when the receiving school transmits a semestrial evaluation form (ECTS, or other rating system).<\/p>\n<p>Obtaining credits through equivalency, for students who come back without any credits (individual trips, internships) or with less than 30 credits. Passing the assessment upon return is dependent on obtaining these credits.<\/p>\n<p>&nbsp;<\/p>\n<p>Ana\u00efs D\u00c9L\u00c9AGE\/ <strong><em>International mobility officer<\/em><\/strong><\/p>\n<p><a href=\"mailto:cmorabin@esadmm.fr\">adeleage@esadmm.fr<\/a><\/p>\n<p>T\u00a0: +33 (0)4 91 82 83 48<\/p>\n<p>&nbsp;<\/p>\n<p><strong>Germany <\/strong><\/p>\n<p>BERLIN<\/p>\n<ul>\n<li><a href=\"https:\/\/www.udk-berlin.de\/startseite\/\" target=\"_blank\" rel=\"noopener noreferrer\">Universit\u00e4t der K\u00fcnste Berlin<\/a><\/li>\n<li><a href=\"https:\/\/kh-berlin.de\" target=\"_blank\" rel=\"noopener noreferrer\">Wei\u00dfensee Kunsthochschule Berlin<\/a><\/li>\n<\/ul>\n<p>BR\u00caME<\/p>\n<ul>\n<li><a href=\"https:\/\/www.hfk-bremen.de\/\" target=\"_blank\" rel=\"noopener noreferrer\">Hochschule f\u00fcr K\u00fcnste Bremen<\/a><\/li>\n<\/ul>\n<p>HAMBOURG<\/p>\n<ul>\n<li><a href=\"https:\/\/www.hfbk-hamburg.de\" target=\"_blank\" rel=\"noopener noreferrer\">Hochschule f\u00fcr bildende K\u00fcnste<\/a><\/li>\n<\/ul>\n<p>MAYENCE<\/p>\n<ul>\n<li><a href=\"http:\/\/www.uni-mainz.de\/eng\/index.php\" target=\"_blank\" rel=\"noopener noreferrer\">Johannes Gutenberg Universit\u00e4t Mainz<\/a><\/li>\n<\/ul>\n<p>MUNICH<\/p>\n<ul>\n<li><a href=\"https:\/\/www.adbk.de\/de\/\" target=\"_blank\" rel=\"noopener noreferrer\">Akademie der Bildenden K\u00fcnste M\u00fcnchen<\/a><\/li>\n<\/ul>\n<p>OFFENBACH<\/p>\n<ul>\n<li><a href=\"https:\/\/www.hfg-offenbach.de\/en#feature_and_news\" target=\"_blank\" rel=\"noopener noreferrer\">Hochschule f\u00fcr Gestaltung Offenbach am Main<\/a><\/li>\n<\/ul>\n<p>&nbsp;<\/p>\n<p><strong>England<\/strong><\/p>\n<p>BRISTOL<\/p>\n<ul>\n<li><a href=\"https:\/\/www1.uwe.ac.uk\/cahe\/\" target=\"_blank\" rel=\"noopener noreferrer\">Faculty of Arts, Creative Industries and Education, University of the West of England<\/a><\/li>\n<\/ul>\n<p>LEEDS<\/p>\n<ul>\n<li><a href=\"https:\/\/ahc.leeds.ac.uk\/fine-art\" target=\"_blank\" rel=\"noopener noreferrer\">School of Fine Art, History of Art and Cultural Studies, University of Leeds<\/a><\/li>\n<\/ul>\n<p>LIVERPOOL<\/p>\n<ul>\n<li><a href=\"https:\/\/www.ljmu.ac.uk\/about-us\/faculties\/faculty-of-arts-professional-and-social-studies\/liverpool-school-of-art-and-design\" target=\"_blank\" rel=\"noopener noreferrer\">Liverpool School of Art and Design, Liverpool John Moores University<\/a><\/li>\n<\/ul>\n<p>LONDRES<\/p>\n<ul>\n<li><a href=\"https:\/\/www.arts.ac.uk\/\" target=\"_blank\" rel=\"noopener noreferrer\">University of the Arts, London \u2013 Camberwell, Chelsea, Wimbledon<\/a><\/li>\n<\/ul>\n<p>&nbsp;<\/p>\n<p><strong>Austria<\/strong><\/p>\n<p>LINZ<\/p>\n<ul>\n<li><a href=\"https:\/\/www.ufg.at\" target=\"_blank\" rel=\"noopener noreferrer\">Universit\u00e4t f\u00fcr k\u00fcnstlerische und industrielle Gestaltung Linz<\/a><\/li>\n<\/ul>\n<p>VIENNE<\/p>\n<ul>\n<li><a href=\"https:\/\/ika.akbild.ac.at\/\" target=\"_blank\" rel=\"noopener noreferrer\">Akademie der bildenden K\u00fcnste Wien<\/a><\/li>\n<\/ul>\n<p>&nbsp;<\/p>\n<p><strong>Belgium<\/strong><\/p>\n<p>ANVERS<\/p>\n<ul>\n<li><a href=\"https:\/\/www.sintlucasantwerpen.be\/opleidingen\/master-in-visual-arts\/\" target=\"_blank\" rel=\"noopener noreferrer\">Sint Lucas Antwerpen, Karel de Grote-Hogeschool<\/a><\/li>\n<\/ul>\n<p>BRUXELLES<\/p>\n<ul>\n<li><a href=\"http:\/\/arba-esa.be\/fr\/site.php?cid=8\" target=\"_blank\" rel=\"noopener noreferrer\">Acad\u00e9mie royale des beaux-arts de Bruxelles<\/a><\/li>\n<li><a href=\"http:\/\/www.erg.be\" target=\"_blank\" rel=\"noopener noreferrer\">\u00c9cole de recherche graphique<\/a><\/li>\n<\/ul>\n<p>HASSELT<\/p>\n<ul>\n<li><a href=\"https:\/\/www.pxl-mad.be\/\" target=\"_blank\" rel=\"noopener noreferrer\">PXL-MAD School of Arts, University College PXL<\/a><\/li>\n<\/ul>\n<p>&nbsp;<\/p>\n<p><strong>Denmark<\/strong><\/p>\n<p>COPENHAGUE<\/p>\n<ul>\n<li><a href=\"https:\/\/kunstakademiet.dk\/\" target=\"_blank\" rel=\"noopener noreferrer\">Billedkunstskolerne, Det Kongelige Danske Kunstakademi<\/a><\/li>\n<\/ul>\n<p>&nbsp;<\/p>\n<p><strong>Spain<\/strong><\/p>\n<p>BARCELONE<\/p>\n<ul>\n<li><a href=\"http:\/\/www.escolamassana.cat\/ca\/\" target=\"_blank\" rel=\"noopener noreferrer\">Escola Massana, Centre d\u2019Art i Disseny<\/a><\/li>\n<li><a href=\"https:\/\/www.ub.edu\/portal\/web\/bellesarts\/\" target=\"_blank\" rel=\"noopener noreferrer\">Facultat de Belles Arts, Universitat de Barcelona<\/a><\/li>\n<\/ul>\n<p>BILBAO<\/p>\n<ul>\n<li><a href=\"https:\/\/www.ehu.eus\/es\/web\/bellasartes\" target=\"_blank\" rel=\"noopener noreferrer\">Facultad de Bellas Artes, Universidad del Pa\u00eds Vasco<\/a><\/li>\n<\/ul>\n<p>MADRID<\/p>\n<ul>\n<li><a href=\"https:\/\/universidadeuropea.es\/en\/madrid\" target=\"_blank\" rel=\"noopener noreferrer\">Universidad Europea Madrid<\/a><\/li>\n<\/ul>\n<p>VALENCE<\/p>\n<ul>\n<li><a href=\"http:\/\/www.upv.es\/entidades\/BBAA\/menu_urlc.html?\/\/www.upv.es\/pls\/oalu\/sic_infoent.ContactoMS?P_ENTIDAD=FBA&amp;P_IDIOMA=c\" target=\"_blank\" rel=\"noopener noreferrer\">Facultad de Bellas Artes, Universitat Polit\u00e8cnica de Val\u00e8ncia<\/a><\/li>\n<\/ul>\n<p>&nbsp;<\/p>\n<p><strong>Finland <\/strong><\/p>\n<p>HELSINKI<\/p>\n<ul>\n<li><a href=\"https:\/\/www.uniarts.fi\/en\/academy-of-fine-arts\" target=\"_blank\" rel=\"noopener noreferrer\">Uniarts Helsinki\u2019s Academy of Fine Arts<\/a><\/li>\n<\/ul>\n<p>VAASA<\/p>\n<ul>\n<li><a href=\"https:\/\/www.novia.fi\" target=\"_blank\" rel=\"noopener noreferrer\">Yrkesh\u00f6gskolan Novia<\/a><\/li>\n<\/ul>\n<p>&nbsp;<\/p>\n<p><strong>Greece<\/strong><\/p>\n<p>ATH\u00c8NES<\/p>\n<ul>\n<li><a href=\"http:\/\/www.asfa.gr\/\" target=\"_blank\" rel=\"noopener noreferrer\">Athens School of Fine Arts<\/a><\/li>\n<\/ul>\n<p>&nbsp;<\/p>\n<p><strong>Hungary<\/strong><\/p>\n<p>BUDAPEST<\/p>\n<ul>\n<li><a href=\"http:\/\/www.mke.hu\/\" target=\"_blank\" rel=\"noopener noreferrer\">Magyar K\u00e9pz\u0151m\u0171v\u00e9szeti Egyetem<\/a><\/li>\n<li><a href=\"http:\/\/www.mome.hu\/hu\/\" target=\"_blank\" rel=\"noopener noreferrer\">Moholy-Nagy M\u0171v\u00e9szeti Egyetem<\/a><\/li>\n<\/ul>\n<p>&nbsp;<\/p>\n<p><strong>Italy<\/strong><\/p>\n<p>BOLOGNE<br \/>\n\u2022<a href=\"http:\/\/www.ababo.it\/ABA\/\" target=\"_blank\" rel=\"noopener noreferrer\">Accademia di Belle Arti di Bologna<\/a><\/p>\n<p>MILAN<\/p>\n<ul>\n<li><a href=\"https:\/\/www.accademiadibrera.milano.it\/\" target=\"_blank\" rel=\"noopener noreferrer\">Accademia di Belle Arti di Brera<\/a><\/li>\n<\/ul>\n<p>PALERME<\/p>\n<ul>\n<li><a href=\"http:\/\/www.accademiadipalermo.it\/\" target=\"_blank\" rel=\"noopener noreferrer\">Accademia di Belle Arti di Palermo<\/a><\/li>\n<\/ul>\n<p>RAVENNE<\/p>\n<ul>\n<li><a href=\"http:\/\/www.accademiabellearti.ra.it\/\" target=\"_blank\" rel=\"noopener noreferrer\">Accademia di Belle Arti di Ravenna<\/a><\/li>\n<\/ul>\n<p>&nbsp;<\/p>\n<p><strong>Island<br \/>\n<\/strong><\/p>\n<p>REYKJAVIK<\/p>\n<ul>\n<li><a href=\"https:\/\/www.lhi.is\/\" target=\"_blank\" rel=\"noopener noreferrer\">Listah\u00e1sk\u00f3li \u00cdslands<\/a><\/li>\n<\/ul>\n<p>&nbsp;<\/p>\n<p><strong>Holland<\/strong><\/p>\n<p>ROTTERDAM<\/p>\n<ul>\n<li><a href=\"https:\/\/www.wdka.nl\" target=\"_blank\" rel=\"noopener noreferrer\">Willem de Kooning Academy<\/a><\/li>\n<\/ul>\n<p>&nbsp;<\/p>\n<p><strong>Poland<\/strong><\/p>\n<p>GDA\u0143SK<\/p>\n<ul>\n<li><a href=\"https:\/\/www.asp.gda.pl\/\" target=\"_blank\" rel=\"noopener noreferrer\">Akademia Sztuk Pi\u0119knych w\u00a0Gda\u0144sku<\/a><\/li>\n<\/ul>\n<p>&nbsp;<\/p>\n<p><strong>Portugal<\/strong><\/p>\n<p>TOMAR<\/p>\n<ul>\n<li><a href=\"http:\/\/portal2.ipt.pt\/\" target=\"_blank\" rel=\"noopener noreferrer\">Instituto Polit\u00e9cnico de Tomar<\/a><\/li>\n<\/ul>\n<p>&nbsp;<\/p>\n<p><strong>Czech Republic <\/strong><\/p>\n<p>PRAGUE<\/p>\n<ul>\n<li><a href=\"https:\/\/www.umprum.cz\/\" target=\"_blank\" rel=\"noopener noreferrer\">Vysok\u00e1 \u0161kola um\u011bleckopr\u016fmyslov\u00e1 v\u00a0Praze<\/a><\/li>\n<\/ul>\n<p>&nbsp;<\/p>\n<p><strong>Turkey<\/strong><\/p>\n<p>ESKISEHIR<\/p>\n<ul>\n<li><a href=\"https:\/\/www.anadolu.edu.tr\/en\/academics\/faculties\/192\/faculty-of-fine-arts\/general-info\" target=\"_blank\" rel=\"noopener noreferrer\">G\u00fczel Sanatlar Fak\u00fcltesi, Anadolu \u00dcniversitesi<\/a><\/li>\n<\/ul>\n<p>&nbsp;<\/p>\n<p><strong>OUTSIDE ERASMUS PROGRAM<\/strong><\/p>\n<p><strong>Armenia <\/strong><\/p>\n<p>EREVAN<\/p>\n<ul>\n<li><a href=\"http:\/\/www.yafa.am\/\" target=\"_blank\" rel=\"noopener noreferrer\">Acad\u00e9mie des Beaux-Arts d\u2019\u00c9tat d\u2019Erevan<\/a><\/li>\n<\/ul>\n<p><strong>Br\u00e9sil<\/strong><\/p>\n<p>RIO DE JANEIRO<\/p>\n<ul>\n<li><a href=\"http:\/\/www.eba.ufrj.br\/\" target=\"_blank\" rel=\"noopener noreferrer\">Escola de Belas Artes, Universidade Federal do Rio de Janeiro<\/a><\/li>\n<li><a href=\"http:\/\/www.esdi.uerj.br\/\" target=\"_blank\" rel=\"noopener noreferrer\">Escola Superior de Desenho Industrial \u00a0<\/a><\/li>\n<\/ul>\n<p><strong>Canada<\/strong><\/p>\n<p>QU\u00c9BEC<\/p>\n<ul>\n<li><a href=\"https:\/\/www.art.ulaval.ca\/\" target=\"_blank\" rel=\"noopener noreferrer\">\u00c9cole d\u2019art, Universit\u00e9 Laval<\/a><\/li>\n<\/ul>\n<p>MONTR\u00c9AL<\/p>\n<ul>\n<li><a href=\"https:\/\/arts.uqam.ca\/\" target=\"_blank\" rel=\"noopener noreferrer\">Facult\u00e9 des arts, Universit\u00e9 du Qu\u00e9bec \u00e0 Montr\u00e9al<\/a><\/li>\n<\/ul>\n<p><strong>China<\/strong><\/p>\n<p>P\u00c9KIN<\/p>\n<ul>\n<li><a href=\"http:\/\/www.cafa.edu.cn\/st\/2019\/10119703.htm\" target=\"_blank\" rel=\"noopener noreferrer\">Central Academy of Fine Arts<\/a><\/li>\n<\/ul>\n<p><strong>Ivory Coast<\/strong><\/p>\n<p>ABIDJAN<\/p>\n<ul>\n<li><a href=\"http:\/\/www.insaac.edu.ci\/accueil.php?directive=administration&amp;target=direction&amp;s_n=direction_ecole\" target=\"_blank\" rel=\"noopener noreferrer\">\u00c9cole sup\u00e9rieure\u00a0d\u2019arts plastiques d\u2019architecture\u00a0et de design<\/a><\/li>\n<\/ul>\n<p><strong>Mauritious Island <\/strong><\/p>\n<p>MOKA<\/p>\n<ul>\n<li><a href=\"https:\/\/www.mgirti.ac.mu\/\" target=\"_blank\" rel=\"noopener noreferrer\">School of Fine Arts, Mahatma Gandhi Institute<\/a><\/li>\n<\/ul>\n<p><strong>Isra\u00ebl<\/strong><\/p>\n<p>JERUSALEM<\/p>\n<ul>\n<li><a href=\"http:\/\/www.bezalel.ac.il\/\" target=\"_blank\" rel=\"noopener noreferrer\">Bezalel Academy of Arts and Design Jerusalem<\/a><\/li>\n<\/ul>\n<p><strong>Switzerland <\/strong><\/p>\n<p>GEN\u00c8VE<\/p>\n<ul>\n<li><a href=\"https:\/\/www.hesge.ch\/head\/\" target=\"_blank\" rel=\"noopener noreferrer\">Haute \u00c9cole d\u2019Art et de Design<\/a><\/li>\n<\/ul>\n<p>LUCERNE<\/p>\n<ul>\n<li><a href=\"https:\/\/www.hslu.ch\/de-ch\/design-kunst\/#\/\" target=\"_blank\" rel=\"noopener noreferrer\">Hochschule Luzern, Design &amp; Kunst<\/a><\/li>\n<\/ul>\n<p>SIERRE<\/p>\n<ul>\n<li><a href=\"https:\/\/edhea.ch\/\" target=\"_blank\" rel=\"noopener noreferrer\">\u00c9cole de design et haute \u00e9cole d\u2019art du Valais<\/a><\/li>\n<\/ul>\n<p>ZURICH<\/p>\n<ul>\n<li><a href=\"https:\/\/ffzh.ch\/\" target=\"_blank\" rel=\"noopener noreferrer\">F+F Schule f\u00fcr Kunst und Design<\/a><\/li>\n<li><a href=\"https:\/\/www.zhdk.ch\/\" target=\"_blank\" rel=\"noopener noreferrer\">Z\u00fcrcher Hochschule der K\u00fcnste<\/a><\/li>\n<\/ul>\n<p><strong>Tunisia<\/strong><\/p>\n<p>SOUSSE<\/p>\n<ul>\n<li><a href=\"http:\/\/www.isbas.rnu.tn\/\" target=\"_blank\" rel=\"noopener noreferrer\">Institut Sup\u00e9rieur des Beaux-Arts de Sousse<\/a><\/li>\n<\/ul>\n<p>&nbsp;<\/p>\n<p>&nbsp;<\/p>\n","protected":false},"excerpt":{"rendered":"<p>The ESADMM is dedicated to developing ambitious international policies. The school relies on a first class student exchange network. The goal of our presence internationally is to take into account and track the art scene&#8217;s evolution: the appearance of globalized art regarding art criticism in reference to Western international art models over the past two [&hellip;]<\/p>\n","protected":false},"author":4,"featured_media":103,"parent":23,"menu_order":14,"comment_status":"closed","ping_status":"closed","template":"","meta":{"footnotes":""},"class_list":["post-80","page","type-page","status-publish","has-post-thumbnail","hentry"],"yoast_head":"<!-- This site is optimized with the Yoast SEO plugin v17.3 - https:\/\/yoast.com\/wordpress\/plugins\/seo\/ -->\n<meta name=\"robots\" content=\"index, follow, max-snippet:-1, max-image-preview:large, max-video-preview:-1\" \/>\n<link rel=\"canonical\" href=\"http:\/\/esadmm.fr\/en\/welcome\/international-exchange\/\" \/>\n<meta property=\"og:locale\" content=\"en_US\" \/>\n<meta property=\"og:type\" content=\"article\" \/>\n<meta property=\"og:title\" content=\"INTERNATIONAL EXCHANGE - The Marseille-Mediterranean College of Art and Design\" \/>\n<meta property=\"og:description\" content=\"The ESADMM is dedicated to developing ambitious international policies. The school relies on a first class student exchange network. The goal of our presence internationally is to take into account and track the art scene&#8217;s evolution: the appearance of globalized art regarding art criticism in reference to Western international art models over the past two [&hellip;]\" \/>\n<meta property=\"og:url\" content=\"http:\/\/esadmm.fr\/en\/welcome\/international-exchange\/\" \/>\n<meta property=\"og:site_name\" content=\"The Marseille-Mediterranean College of Art and Design\" \/>\n<meta property=\"article:modified_time\" content=\"2020-05-13T13:07:27+00:00\" \/>\n<meta property=\"og:image\" content=\"http:\/\/esadmm.fr\/en\/wp-content\/uploads\/sites\/2\/2016\/06\/010-1024x768.jpg\" \/>\n\t<meta property=\"og:image:width\" content=\"1024\" \/>\n\t<meta property=\"og:image:height\" content=\"768\" \/>\n<meta name=\"twitter:label1\" content=\"Est. reading time\" \/>\n\t<meta name=\"twitter:data1\" content=\"7 minutes\" \/>\n<script type=\"application\/ld+json\" class=\"yoast-schema-graph\">{\"@context\":\"https:\/\/schema.org\",\"@graph\":[{\"@type\":\"WebSite\",\"@id\":\"http:\/\/esadmm.fr\/en\/#website\",\"url\":\"http:\/\/esadmm.fr\/en\/\",\"name\":\"The Marseille-Mediterranean College of Art and Design\",\"description\":\"\",\"potentialAction\":[{\"@type\":\"SearchAction\",\"target\":{\"@type\":\"EntryPoint\",\"urlTemplate\":\"http:\/\/esadmm.fr\/en\/?s={search_term_string}\"},\"query-input\":\"required name=search_term_string\"}],\"inLanguage\":\"en-US\"},{\"@type\":\"ImageObject\",\"@id\":\"http:\/\/esadmm.fr\/en\/welcome\/international-exchange\/#primaryimage\",\"inLanguage\":\"en-US\",\"url\":\"http:\/\/esadmm.fr\/en\/wp-content\/uploads\/sites\/2\/2016\/06\/010.jpg\",\"contentUrl\":\"http:\/\/esadmm.fr\/en\/wp-content\/uploads\/sites\/2\/2016\/06\/010.jpg\",\"width\":3264,\"height\":2448},{\"@type\":\"WebPage\",\"@id\":\"http:\/\/esadmm.fr\/en\/welcome\/international-exchange\/#webpage\",\"url\":\"http:\/\/esadmm.fr\/en\/welcome\/international-exchange\/\",\"name\":\"INTERNATIONAL EXCHANGE - The Marseille-Mediterranean College of Art and Design\",\"isPartOf\":{\"@id\":\"http:\/\/esadmm.fr\/en\/#website\"},\"primaryImageOfPage\":{\"@id\":\"http:\/\/esadmm.fr\/en\/welcome\/international-exchange\/#primaryimage\"},\"datePublished\":\"2016-06-08T13:48:56+00:00\",\"dateModified\":\"2020-05-13T13:07:27+00:00\",\"breadcrumb\":{\"@id\":\"http:\/\/esadmm.fr\/en\/welcome\/international-exchange\/#breadcrumb\"},\"inLanguage\":\"en-US\",\"potentialAction\":[{\"@type\":\"ReadAction\",\"target\":[\"http:\/\/esadmm.fr\/en\/welcome\/international-exchange\/\"]}]},{\"@type\":\"BreadcrumbList\",\"@id\":\"http:\/\/esadmm.fr\/en\/welcome\/international-exchange\/#breadcrumb\",\"itemListElement\":[{\"@type\":\"ListItem\",\"position\":1,\"name\":\"Accueil\",\"item\":\"http:\/\/esadmm.fr\/en\/\"},{\"@type\":\"ListItem\",\"position\":2,\"name\":\"WELCOME\",\"item\":\"http:\/\/esadmm.fr\/en\/welcome\/\"},{\"@type\":\"ListItem\",\"position\":3,\"name\":\"INTERNATIONAL EXCHANGE\"}]}]}<\/script>\n<!-- \/ Yoast SEO plugin. -->","yoast_head_json":{"robots":{"index":"index","follow":"follow","max-snippet":"max-snippet:-1","max-image-preview":"max-image-preview:large","max-video-preview":"max-video-preview:-1"},"canonical":"http:\/\/esadmm.fr\/en\/welcome\/international-exchange\/","og_locale":"en_US","og_type":"article","og_title":"INTERNATIONAL EXCHANGE - The Marseille-Mediterranean College of Art and Design","og_description":"The ESADMM is dedicated to developing ambitious international policies. The school relies on a first class student exchange network. The goal of our presence internationally is to take into account and track the art scene&#8217;s evolution: the appearance of globalized art regarding art criticism in reference to Western international art models over the past two [&hellip;]","og_url":"http:\/\/esadmm.fr\/en\/welcome\/international-exchange\/","og_site_name":"The Marseille-Mediterranean College of Art and Design","article_modified_time":"2020-05-13T13:07:27+00:00","og_image":[{"width":1024,"height":768,"url":"http:\/\/esadmm.fr\/en\/wp-content\/uploads\/sites\/2\/2016\/06\/010-1024x768.jpg","type":"image\/jpeg"}],"twitter_misc":{"Est. reading time":"7 minutes"},"schema":{"@context":"https:\/\/schema.org","@graph":[{"@type":"WebSite","@id":"http:\/\/esadmm.fr\/en\/#website","url":"http:\/\/esadmm.fr\/en\/","name":"The Marseille-Mediterranean College of Art and Design","description":"","potentialAction":[{"@type":"SearchAction","target":{"@type":"EntryPoint","urlTemplate":"http:\/\/esadmm.fr\/en\/?s={search_term_string}"},"query-input":"required name=search_term_string"}],"inLanguage":"en-US"},{"@type":"ImageObject","@id":"http:\/\/esadmm.fr\/en\/welcome\/international-exchange\/#primaryimage","inLanguage":"en-US","url":"http:\/\/esadmm.fr\/en\/wp-content\/uploads\/sites\/2\/2016\/06\/010.jpg","contentUrl":"http:\/\/esadmm.fr\/en\/wp-content\/uploads\/sites\/2\/2016\/06\/010.jpg","width":3264,"height":2448},{"@type":"WebPage","@id":"http:\/\/esadmm.fr\/en\/welcome\/international-exchange\/#webpage","url":"http:\/\/esadmm.fr\/en\/welcome\/international-exchange\/","name":"INTERNATIONAL EXCHANGE - The Marseille-Mediterranean College of Art and Design","isPartOf":{"@id":"http:\/\/esadmm.fr\/en\/#website"},"primaryImageOfPage":{"@id":"http:\/\/esadmm.fr\/en\/welcome\/international-exchange\/#primaryimage"},"datePublished":"2016-06-08T13:48:56+00:00","dateModified":"2020-05-13T13:07:27+00:00","breadcrumb":{"@id":"http:\/\/esadmm.fr\/en\/welcome\/international-exchange\/#breadcrumb"},"inLanguage":"en-US","potentialAction":[{"@type":"ReadAction","target":["http:\/\/esadmm.fr\/en\/welcome\/international-exchange\/"]}]},{"@type":"BreadcrumbList","@id":"http:\/\/esadmm.fr\/en\/welcome\/international-exchange\/#breadcrumb","itemListElement":[{"@type":"ListItem","position":1,"name":"Accueil","item":"http:\/\/esadmm.fr\/en\/"},{"@type":"ListItem","position":2,"name":"WELCOME","item":"http:\/\/esadmm.fr\/en\/welcome\/"},{"@type":"ListItem","position":3,"name":"INTERNATIONAL EXCHANGE"}]}]}},"_links":{"self":[{"href":"http:\/\/esadmm.fr\/en\/wp-json\/wp\/v2\/pages\/80","targetHints":{"allow":["GET"]}}],"collection":[{"href":"http:\/\/esadmm.fr\/en\/wp-json\/wp\/v2\/pages"}],"about":[{"href":"http:\/\/esadmm.fr\/en\/wp-json\/wp\/v2\/types\/page"}],"author":[{"embeddable":true,"href":"http:\/\/esadmm.fr\/en\/wp-json\/wp\/v2\/users\/4"}],"replies":[{"embeddable":true,"href":"http:\/\/esadmm.fr\/en\/wp-json\/wp\/v2\/comments?post=80"}],"version-history":[{"count":22,"href":"http:\/\/esadmm.fr\/en\/wp-json\/wp\/v2\/pages\/80\/revisions"}],"predecessor-version":[{"id":198,"href":"http:\/\/esadmm.fr\/en\/wp-json\/wp\/v2\/pages\/80\/revisions\/198"}],"up":[{"embeddable":true,"href":"http:\/\/esadmm.fr\/en\/wp-json\/wp\/v2\/pages\/23"}],"wp:featuredmedia":[{"embeddable":true,"href":"http:\/\/esadmm.fr\/en\/wp-json\/wp\/v2\/media\/103"}],"wp:attachment":[{"href":"http:\/\/esadmm.fr\/en\/wp-json\/wp\/v2\/media?parent=80"}],"curies":[{"name":"wp","href":"https:\/\/api.w.org\/{rel}","templated":true}]}}