{"id":140,"date":"2016-11-14T16:36:41","date_gmt":"2016-11-14T15:36:41","guid":{"rendered":"http:\/\/esadmm.fr\/en\/?page_id=140"},"modified":"2019-09-12T09:34:23","modified_gmt":"2019-09-12T08:34:23","slug":"campus-art","status":"publish","type":"page","link":"http:\/\/esadmm.fr\/en\/welcome\/campus-art\/","title":{"rendered":"CAMPUS ART"},"content":{"rendered":"<p><strong>ONLINE APPLICATIONS FOR ART AND ARCHITECTURE HIGHER SCHOOLS IN FRANCE<\/strong><\/p>\n<p><strong>Online applications for art and architecture studies are open on <a href=\"http:\/\/www.campusart.org\/?lang=en\" target=\"_blank\" rel=\"noopener noreferrer\">CampusArt network website<\/a> until\u00a0February 15, 2017.<\/strong><\/p>\n<p><strong>WARNING: Written applications must be submitted to <a href=\"http:\/\/www.campusfrance.org\/en\/site\/campusart-a-network-art-schools-coordinated-campus-france\" target=\"_blank\" rel=\"noopener noreferrer\">Campus France<\/a> Agency in Paris or by email on February 15, 2017 at the latest.<\/strong><\/p>\n<p>CampusArt is a network of French institutions offering university level programs in the fields of art and architecture, led by Campus France with the support of the French Ministries of Education, Foreign Affairs and Culture and the ANd\u00c9A (Association Nationale des \u00c9coles Sup\u00e9rieures d\u2019Art).<\/p>\n<p>The website www.campusart.org\u00a0gives access (under specific conditions) to various degrees in a wide range of schools (visual\u00a0arts, cinema, design, visual communication, fashion, music, architecture\u2026): preparatory classes, Bachelor\u2019s, Master\u2019s, Post-Master\u2019s and Doctorate\u2019s levels.<\/p>\n<p>A unique online application process enables students to apply for degrees in more than 95\u00a0schools.<\/p>\n<p>An answer will be given on March 15th 2017 (warning: applications will be closed at the February 15, 2017) which enables to prepare the stay as soon as possible.<\/p>\n<p>This online service is totally free until the applicant decides to accept a degree\u2019s suggestion.<\/p>\n<p><strong>This\u00a0<\/strong><strong><u>online application process<\/u><\/strong><strong>\u00a0is available everywhere in the world<\/strong>. CampusArt does not substitute for \u201cEtudes en France\u201d procedure that enables student to obtain a French visa.<\/p>\n<p>Here are the french, english and spanish version of the documents :\u00a0<a href=\"http:\/\/www.campusfrance.org\/fr\/ressource\/d%C3%A9pliant-campusart\" target=\"_blank\" rel=\"noopener noreferrer\">D\u00e9pliant CampusArt<\/a><\/p>\n","protected":false},"excerpt":{"rendered":"<p>ONLINE APPLICATIONS FOR ART AND ARCHITECTURE HIGHER SCHOOLS IN FRANCE Online applications for art and architecture studies are open on CampusArt network website until\u00a0February 15, 2017. WARNING: Written applications must be submitted to Campus France Agency in Paris or by email on February 15, 2017 at the latest. CampusArt is a network of French institutions [&hellip;]<\/p>\n","protected":false},"author":4,"featured_media":136,"parent":23,"menu_order":10,"comment_status":"closed","ping_status":"closed","template":"","meta":{"footnotes":""},"class_list":["post-140","page","type-page","status-publish","has-post-thumbnail","hentry"],"yoast_head":"<!-- This site is optimized with the Yoast SEO plugin v17.3 - https:\/\/yoast.com\/wordpress\/plugins\/seo\/ -->\n<meta name=\"robots\" content=\"index, follow, max-snippet:-1, max-image-preview:large, max-video-preview:-1\" \/>\n<link rel=\"canonical\" href=\"http:\/\/esadmm.fr\/en\/welcome\/campus-art\/\" \/>\n<meta property=\"og:locale\" content=\"en_US\" \/>\n<meta property=\"og:type\" content=\"article\" \/>\n<meta property=\"og:title\" content=\"CAMPUS ART - The Marseille-Mediterranean College of Art and Design\" \/>\n<meta property=\"og:description\" content=\"ONLINE APPLICATIONS FOR ART AND ARCHITECTURE HIGHER SCHOOLS IN FRANCE Online applications for art and architecture studies are open on CampusArt network website until\u00a0February 15, 2017. WARNING: Written applications must be submitted to Campus France Agency in Paris or by email on February 15, 2017 at the latest. CampusArt is a network of French institutions [&hellip;]\" \/>\n<meta property=\"og:url\" content=\"http:\/\/esadmm.fr\/en\/welcome\/campus-art\/\" \/>\n<meta property=\"og:site_name\" content=\"The Marseille-Mediterranean College of Art and Design\" \/>\n<meta property=\"article:modified_time\" content=\"2019-09-12T08:34:23+00:00\" \/>\n<meta property=\"og:image\" content=\"http:\/\/esadmm.fr\/en\/wp-content\/uploads\/sites\/2\/2016\/11\/actusart_fr.jpg\" \/>\n\t<meta property=\"og:image:width\" content=\"414\" \/>\n\t<meta property=\"og:image:height\" content=\"206\" \/>\n<meta name=\"twitter:label1\" content=\"Est. reading time\" \/>\n\t<meta name=\"twitter:data1\" content=\"1 minute\" \/>\n<script type=\"application\/ld+json\" class=\"yoast-schema-graph\">{\"@context\":\"https:\/\/schema.org\",\"@graph\":[{\"@type\":\"WebSite\",\"@id\":\"http:\/\/esadmm.fr\/en\/#website\",\"url\":\"http:\/\/esadmm.fr\/en\/\",\"name\":\"The Marseille-Mediterranean College of Art and Design\",\"description\":\"\",\"potentialAction\":[{\"@type\":\"SearchAction\",\"target\":{\"@type\":\"EntryPoint\",\"urlTemplate\":\"http:\/\/esadmm.fr\/en\/?s={search_term_string}\"},\"query-input\":\"required name=search_term_string\"}],\"inLanguage\":\"en-US\"},{\"@type\":\"ImageObject\",\"@id\":\"http:\/\/esadmm.fr\/en\/welcome\/campus-art\/#primaryimage\",\"inLanguage\":\"en-US\",\"url\":\"http:\/\/esadmm.fr\/en\/wp-content\/uploads\/sites\/2\/2016\/11\/actusart_fr.jpg\",\"contentUrl\":\"http:\/\/esadmm.fr\/en\/wp-content\/uploads\/sites\/2\/2016\/11\/actusart_fr.jpg\",\"width\":414,\"height\":206},{\"@type\":\"WebPage\",\"@id\":\"http:\/\/esadmm.fr\/en\/welcome\/campus-art\/#webpage\",\"url\":\"http:\/\/esadmm.fr\/en\/welcome\/campus-art\/\",\"name\":\"CAMPUS ART - The Marseille-Mediterranean College of Art and Design\",\"isPartOf\":{\"@id\":\"http:\/\/esadmm.fr\/en\/#website\"},\"primaryImageOfPage\":{\"@id\":\"http:\/\/esadmm.fr\/en\/welcome\/campus-art\/#primaryimage\"},\"datePublished\":\"2016-11-14T15:36:41+00:00\",\"dateModified\":\"2019-09-12T08:34:23+00:00\",\"breadcrumb\":{\"@id\":\"http:\/\/esadmm.fr\/en\/welcome\/campus-art\/#breadcrumb\"},\"inLanguage\":\"en-US\",\"potentialAction\":[{\"@type\":\"ReadAction\",\"target\":[\"http:\/\/esadmm.fr\/en\/welcome\/campus-art\/\"]}]},{\"@type\":\"BreadcrumbList\",\"@id\":\"http:\/\/esadmm.fr\/en\/welcome\/campus-art\/#breadcrumb\",\"itemListElement\":[{\"@type\":\"ListItem\",\"position\":1,\"name\":\"Accueil\",\"item\":\"http:\/\/esadmm.fr\/en\/\"},{\"@type\":\"ListItem\",\"position\":2,\"name\":\"WELCOME\",\"item\":\"http:\/\/esadmm.fr\/en\/welcome\/\"},{\"@type\":\"ListItem\",\"position\":3,\"name\":\"CAMPUS ART\"}]}]}<\/script>\n<!-- \/ Yoast SEO plugin. -->","yoast_head_json":{"robots":{"index":"index","follow":"follow","max-snippet":"max-snippet:-1","max-image-preview":"max-image-preview:large","max-video-preview":"max-video-preview:-1"},"canonical":"http:\/\/esadmm.fr\/en\/welcome\/campus-art\/","og_locale":"en_US","og_type":"article","og_title":"CAMPUS ART - The Marseille-Mediterranean College of Art and Design","og_description":"ONLINE APPLICATIONS FOR ART AND ARCHITECTURE HIGHER SCHOOLS IN FRANCE Online applications for art and architecture studies are open on CampusArt network website until\u00a0February 15, 2017. WARNING: Written applications must be submitted to Campus France Agency in Paris or by email on February 15, 2017 at the latest. CampusArt is a network of French institutions [&hellip;]","og_url":"http:\/\/esadmm.fr\/en\/welcome\/campus-art\/","og_site_name":"The Marseille-Mediterranean College of Art and Design","article_modified_time":"2019-09-12T08:34:23+00:00","og_image":[{"width":414,"height":206,"url":"http:\/\/esadmm.fr\/en\/wp-content\/uploads\/sites\/2\/2016\/11\/actusart_fr.jpg","type":"image\/jpeg"}],"twitter_misc":{"Est. reading time":"1 minute"},"schema":{"@context":"https:\/\/schema.org","@graph":[{"@type":"WebSite","@id":"http:\/\/esadmm.fr\/en\/#website","url":"http:\/\/esadmm.fr\/en\/","name":"The Marseille-Mediterranean College of Art and Design","description":"","potentialAction":[{"@type":"SearchAction","target":{"@type":"EntryPoint","urlTemplate":"http:\/\/esadmm.fr\/en\/?s={search_term_string}"},"query-input":"required name=search_term_string"}],"inLanguage":"en-US"},{"@type":"ImageObject","@id":"http:\/\/esadmm.fr\/en\/welcome\/campus-art\/#primaryimage","inLanguage":"en-US","url":"http:\/\/esadmm.fr\/en\/wp-content\/uploads\/sites\/2\/2016\/11\/actusart_fr.jpg","contentUrl":"http:\/\/esadmm.fr\/en\/wp-content\/uploads\/sites\/2\/2016\/11\/actusart_fr.jpg","width":414,"height":206},{"@type":"WebPage","@id":"http:\/\/esadmm.fr\/en\/welcome\/campus-art\/#webpage","url":"http:\/\/esadmm.fr\/en\/welcome\/campus-art\/","name":"CAMPUS ART - The Marseille-Mediterranean College of Art and Design","isPartOf":{"@id":"http:\/\/esadmm.fr\/en\/#website"},"primaryImageOfPage":{"@id":"http:\/\/esadmm.fr\/en\/welcome\/campus-art\/#primaryimage"},"datePublished":"2016-11-14T15:36:41+00:00","dateModified":"2019-09-12T08:34:23+00:00","breadcrumb":{"@id":"http:\/\/esadmm.fr\/en\/welcome\/campus-art\/#breadcrumb"},"inLanguage":"en-US","potentialAction":[{"@type":"ReadAction","target":["http:\/\/esadmm.fr\/en\/welcome\/campus-art\/"]}]},{"@type":"BreadcrumbList","@id":"http:\/\/esadmm.fr\/en\/welcome\/campus-art\/#breadcrumb","itemListElement":[{"@type":"ListItem","position":1,"name":"Accueil","item":"http:\/\/esadmm.fr\/en\/"},{"@type":"ListItem","position":2,"name":"WELCOME","item":"http:\/\/esadmm.fr\/en\/welcome\/"},{"@type":"ListItem","position":3,"name":"CAMPUS ART"}]}]}},"_links":{"self":[{"href":"http:\/\/esadmm.fr\/en\/wp-json\/wp\/v2\/pages\/140","targetHints":{"allow":["GET"]}}],"collection":[{"href":"http:\/\/esadmm.fr\/en\/wp-json\/wp\/v2\/pages"}],"about":[{"href":"http:\/\/esadmm.fr\/en\/wp-json\/wp\/v2\/types\/page"}],"author":[{"embeddable":true,"href":"http:\/\/esadmm.fr\/en\/wp-json\/wp\/v2\/users\/4"}],"replies":[{"embeddable":true,"href":"http:\/\/esadmm.fr\/en\/wp-json\/wp\/v2\/comments?post=140"}],"version-history":[{"count":4,"href":"http:\/\/esadmm.fr\/en\/wp-json\/wp\/v2\/pages\/140\/revisions"}],"predecessor-version":[{"id":191,"href":"http:\/\/esadmm.fr\/en\/wp-json\/wp\/v2\/pages\/140\/revisions\/191"}],"up":[{"embeddable":true,"href":"http:\/\/esadmm.fr\/en\/wp-json\/wp\/v2\/pages\/23"}],"wp:featuredmedia":[{"embeddable":true,"href":"http:\/\/esadmm.fr\/en\/wp-json\/wp\/v2\/media\/136"}],"wp:attachment":[{"href":"http:\/\/esadmm.fr\/en\/wp-json\/wp\/v2\/media?parent=140"}],"curies":[{"name":"wp","href":"https:\/\/api.w.org\/{rel}","templated":true}]}}