{"id":124,"date":"2016-10-10T13:21:45","date_gmt":"2016-10-10T12:21:45","guid":{"rendered":"http:\/\/esadmm.fr\/en\/?page_id=124"},"modified":"2019-09-12T09:35:35","modified_gmt":"2019-09-12T08:35:35","slug":"the-research","status":"publish","type":"page","link":"http:\/\/esadmm.fr\/en\/welcome\/the-research\/","title":{"rendered":"Research"},"content":{"rendered":"<p><strong>The<\/strong> <strong>Positions Bureau<\/strong><\/p>\n<p>&nbsp;<\/p>\n<p><strong>With<\/strong>: Vanessa Brito (Lecturer in Philosophy), Anna Dezeuze (Lecturer in Art History), Fr\u00e9d\u00e9ric Pradeau (Artist), and the students of the Ecole Sup\u00e9rieure d\u2019Art et de Design Marseille-M\u00e9diterran\u00e9e.<\/p>\n<p>&nbsp;<\/p>\n<p><strong>Description<\/strong><\/p>\n<p>Where do I stand? How can I hold my ground? For how long? These are some of the questions that the Bureau des positions sets out to investigate by focusing on the relation between physical actions &#8211; such as taking a stance, occupying a space, holding a position or carrying out a project over time &#8211; and their artistic and political implications. Of particular interest is the articulation between the two meanings of the word \u2018resistance\u2019: it describes both a physical qualities of materials and bodies, involving phenomena of inertia and resilience, and human efforts and actions ranging from opposition to insurrection and disobedience. At what points do these two meanings intersect? When does a \u2018stance\u2019 turn into \u2018resistance\u2019?<\/p>\n<p>&nbsp;<\/p>\n<p>Are some physical postures, such as the \u2018standing position\u2019 described by Roland Barthes, \u2018eminently <em>critical<\/em>\u2019? Could there be a connection, as he suggests, between an uncomfortable position and the feeling of \u2018un-ease\u2019 that gives rise to \u2018political consciousness\u2019?<\/p>\n<p>&nbsp;<\/p>\n<p>As we set up various intersections between different practices \u2013 in art, literature, philosophy and science \u2013 we will also pay attention to the <em>position effects <\/em>that result from changing locations and different relations of proximity. We will study the ways in which words, bodies and objects are placed and arranged \u2013 whether in the space of the picture or the exhibition, on a stage or the page \u2013 according to tensions, the balance between different forces, be they dynamic or static. What does adopting a position involve? In what ways can one navigate a given institutional, cultural or political context? It may be less a matter of finding a place than of inventing shifting spaces of <em>dis-placement<\/em>, in which everything and everyone is, in fact, always <em>out of place<\/em>.<\/p>\n<p>&nbsp;<\/p>\n<p><strong>Programme<\/strong>, 2015-2016<\/p>\n<p>Our starting point for this academic year will be Thomas Hirschhorn\u2019s workshop in which the artist asks: \u2018Where do I stand? What do I want?\u2019 We will then follow our second guest artist, Julien Pr\u00e9vieux, in his tactical positions in given institutional, cultural and political contexts, as he rolls around his everyday space (in <em>Roulades<\/em>)<em>, <\/em>sends out <em>Letters of Non-interest <\/em>(<em>Lettres de non-motivation<\/em>) or explores the world of patented gestures in <em>What shall we do next<\/em>.<\/p>\n<p>&nbsp;<\/p>\n<p>We will also look at stances such as Bartleby\u2019s (in Melville\u2019s famous short story), which combined different ways of occupying space through immobility with variations on the sentence \u2018I would prefer not to\u2019. Such positions can be read as prefiguring \u2018Occupy\u2019 movements as much as artistic practices that reject production.<\/p>\n<p>&nbsp;<\/p>\n<p>\u00a9Julien Pr\u00e9vieux<\/p>\n<p><a href=\"http:\/\/esadmm.fr\/en\/wp-content\/uploads\/sites\/2\/2016\/10\/image_workshop_Previeux.jpg\"><img loading=\"lazy\" decoding=\"async\" class=\"aligncenter size-full wp-image-126\" src=\"http:\/\/esadmm.fr\/en\/wp-content\/uploads\/sites\/2\/2016\/10\/image_workshop_Previeux.jpg\" alt=\"image_workshop_previeux\" width=\"2362\" height=\"1575\" srcset=\"http:\/\/esadmm.fr\/en\/wp-content\/uploads\/sites\/2\/2016\/10\/image_workshop_Previeux.jpg 2362w, http:\/\/esadmm.fr\/en\/wp-content\/uploads\/sites\/2\/2016\/10\/image_workshop_Previeux-300x200.jpg 300w, http:\/\/esadmm.fr\/en\/wp-content\/uploads\/sites\/2\/2016\/10\/image_workshop_Previeux-768x512.jpg 768w, http:\/\/esadmm.fr\/en\/wp-content\/uploads\/sites\/2\/2016\/10\/image_workshop_Previeux-1024x683.jpg 1024w, http:\/\/esadmm.fr\/en\/wp-content\/uploads\/sites\/2\/2016\/10\/image_workshop_Previeux-750x500.jpg 750w\" sizes=\"auto, (max-width: 2362px) 100vw, 2362px\" \/><\/a><\/p>\n","protected":false},"excerpt":{"rendered":"<p>The Positions Bureau &nbsp; With: Vanessa Brito (Lecturer in Philosophy), Anna Dezeuze (Lecturer in Art History), Fr\u00e9d\u00e9ric Pradeau (Artist), and the students of the Ecole Sup\u00e9rieure d\u2019Art et de Design Marseille-M\u00e9diterran\u00e9e. &nbsp; Description Where do I stand? How can I hold my ground? For how long? These are some of the questions that the Bureau [&hellip;]<\/p>\n","protected":false},"author":4,"featured_media":125,"parent":23,"menu_order":12,"comment_status":"closed","ping_status":"closed","template":"","meta":{"footnotes":""},"class_list":["post-124","page","type-page","status-publish","has-post-thumbnail","hentry"],"yoast_head":"<!-- This site is optimized with the Yoast SEO plugin v17.3 - https:\/\/yoast.com\/wordpress\/plugins\/seo\/ -->\n<meta name=\"robots\" content=\"index, follow, max-snippet:-1, max-image-preview:large, max-video-preview:-1\" \/>\n<link rel=\"canonical\" href=\"http:\/\/esadmm.fr\/en\/welcome\/the-research\/\" \/>\n<meta property=\"og:locale\" content=\"en_US\" \/>\n<meta property=\"og:type\" content=\"article\" \/>\n<meta property=\"og:title\" content=\"Research - The Marseille-Mediterranean College of Art and Design\" \/>\n<meta property=\"og:description\" content=\"The Positions Bureau &nbsp; With: Vanessa Brito (Lecturer in Philosophy), Anna Dezeuze (Lecturer in Art History), Fr\u00e9d\u00e9ric Pradeau (Artist), and the students of the Ecole Sup\u00e9rieure d\u2019Art et de Design Marseille-M\u00e9diterran\u00e9e. &nbsp; Description Where do I stand? How can I hold my ground? For how long? These are some of the questions that the Bureau [&hellip;]\" \/>\n<meta property=\"og:url\" content=\"http:\/\/esadmm.fr\/en\/welcome\/the-research\/\" \/>\n<meta property=\"og:site_name\" content=\"The Marseille-Mediterranean College of Art and Design\" \/>\n<meta property=\"article:modified_time\" content=\"2019-09-12T08:35:35+00:00\" \/>\n<meta property=\"og:image\" content=\"http:\/\/esadmm.fr\/en\/wp-content\/uploads\/sites\/2\/2016\/10\/image_workshopHirschhorn-1024x726.jpg\" \/>\n\t<meta property=\"og:image:width\" content=\"1024\" \/>\n\t<meta property=\"og:image:height\" content=\"726\" \/>\n<meta name=\"twitter:label1\" content=\"Est. reading time\" \/>\n\t<meta name=\"twitter:data1\" content=\"2 minutes\" \/>\n<script type=\"application\/ld+json\" class=\"yoast-schema-graph\">{\"@context\":\"https:\/\/schema.org\",\"@graph\":[{\"@type\":\"WebSite\",\"@id\":\"http:\/\/esadmm.fr\/en\/#website\",\"url\":\"http:\/\/esadmm.fr\/en\/\",\"name\":\"The Marseille-Mediterranean College of Art and Design\",\"description\":\"\",\"potentialAction\":[{\"@type\":\"SearchAction\",\"target\":{\"@type\":\"EntryPoint\",\"urlTemplate\":\"http:\/\/esadmm.fr\/en\/?s={search_term_string}\"},\"query-input\":\"required name=search_term_string\"}],\"inLanguage\":\"en-US\"},{\"@type\":\"ImageObject\",\"@id\":\"http:\/\/esadmm.fr\/en\/welcome\/the-research\/#primaryimage\",\"inLanguage\":\"en-US\",\"url\":\"http:\/\/esadmm.fr\/en\/wp-content\/uploads\/sites\/2\/2016\/10\/image_workshopHirschhorn.jpg\",\"contentUrl\":\"http:\/\/esadmm.fr\/en\/wp-content\/uploads\/sites\/2\/2016\/10\/image_workshopHirschhorn.jpg\",\"width\":3498,\"height\":2480},{\"@type\":\"WebPage\",\"@id\":\"http:\/\/esadmm.fr\/en\/welcome\/the-research\/#webpage\",\"url\":\"http:\/\/esadmm.fr\/en\/welcome\/the-research\/\",\"name\":\"Research - The Marseille-Mediterranean College of Art and Design\",\"isPartOf\":{\"@id\":\"http:\/\/esadmm.fr\/en\/#website\"},\"primaryImageOfPage\":{\"@id\":\"http:\/\/esadmm.fr\/en\/welcome\/the-research\/#primaryimage\"},\"datePublished\":\"2016-10-10T12:21:45+00:00\",\"dateModified\":\"2019-09-12T08:35:35+00:00\",\"breadcrumb\":{\"@id\":\"http:\/\/esadmm.fr\/en\/welcome\/the-research\/#breadcrumb\"},\"inLanguage\":\"en-US\",\"potentialAction\":[{\"@type\":\"ReadAction\",\"target\":[\"http:\/\/esadmm.fr\/en\/welcome\/the-research\/\"]}]},{\"@type\":\"BreadcrumbList\",\"@id\":\"http:\/\/esadmm.fr\/en\/welcome\/the-research\/#breadcrumb\",\"itemListElement\":[{\"@type\":\"ListItem\",\"position\":1,\"name\":\"Accueil\",\"item\":\"http:\/\/esadmm.fr\/en\/\"},{\"@type\":\"ListItem\",\"position\":2,\"name\":\"WELCOME\",\"item\":\"http:\/\/esadmm.fr\/en\/welcome\/\"},{\"@type\":\"ListItem\",\"position\":3,\"name\":\"Research\"}]}]}<\/script>\n<!-- \/ Yoast SEO plugin. -->","yoast_head_json":{"robots":{"index":"index","follow":"follow","max-snippet":"max-snippet:-1","max-image-preview":"max-image-preview:large","max-video-preview":"max-video-preview:-1"},"canonical":"http:\/\/esadmm.fr\/en\/welcome\/the-research\/","og_locale":"en_US","og_type":"article","og_title":"Research - The Marseille-Mediterranean College of Art and Design","og_description":"The Positions Bureau &nbsp; With: Vanessa Brito (Lecturer in Philosophy), Anna Dezeuze (Lecturer in Art History), Fr\u00e9d\u00e9ric Pradeau (Artist), and the students of the Ecole Sup\u00e9rieure d\u2019Art et de Design Marseille-M\u00e9diterran\u00e9e. &nbsp; Description Where do I stand? How can I hold my ground? For how long? These are some of the questions that the Bureau [&hellip;]","og_url":"http:\/\/esadmm.fr\/en\/welcome\/the-research\/","og_site_name":"The Marseille-Mediterranean College of Art and Design","article_modified_time":"2019-09-12T08:35:35+00:00","og_image":[{"width":1024,"height":726,"url":"http:\/\/esadmm.fr\/en\/wp-content\/uploads\/sites\/2\/2016\/10\/image_workshopHirschhorn-1024x726.jpg","type":"image\/jpeg"}],"twitter_misc":{"Est. reading time":"2 minutes"},"schema":{"@context":"https:\/\/schema.org","@graph":[{"@type":"WebSite","@id":"http:\/\/esadmm.fr\/en\/#website","url":"http:\/\/esadmm.fr\/en\/","name":"The Marseille-Mediterranean College of Art and Design","description":"","potentialAction":[{"@type":"SearchAction","target":{"@type":"EntryPoint","urlTemplate":"http:\/\/esadmm.fr\/en\/?s={search_term_string}"},"query-input":"required name=search_term_string"}],"inLanguage":"en-US"},{"@type":"ImageObject","@id":"http:\/\/esadmm.fr\/en\/welcome\/the-research\/#primaryimage","inLanguage":"en-US","url":"http:\/\/esadmm.fr\/en\/wp-content\/uploads\/sites\/2\/2016\/10\/image_workshopHirschhorn.jpg","contentUrl":"http:\/\/esadmm.fr\/en\/wp-content\/uploads\/sites\/2\/2016\/10\/image_workshopHirschhorn.jpg","width":3498,"height":2480},{"@type":"WebPage","@id":"http:\/\/esadmm.fr\/en\/welcome\/the-research\/#webpage","url":"http:\/\/esadmm.fr\/en\/welcome\/the-research\/","name":"Research - The Marseille-Mediterranean College of Art and Design","isPartOf":{"@id":"http:\/\/esadmm.fr\/en\/#website"},"primaryImageOfPage":{"@id":"http:\/\/esadmm.fr\/en\/welcome\/the-research\/#primaryimage"},"datePublished":"2016-10-10T12:21:45+00:00","dateModified":"2019-09-12T08:35:35+00:00","breadcrumb":{"@id":"http:\/\/esadmm.fr\/en\/welcome\/the-research\/#breadcrumb"},"inLanguage":"en-US","potentialAction":[{"@type":"ReadAction","target":["http:\/\/esadmm.fr\/en\/welcome\/the-research\/"]}]},{"@type":"BreadcrumbList","@id":"http:\/\/esadmm.fr\/en\/welcome\/the-research\/#breadcrumb","itemListElement":[{"@type":"ListItem","position":1,"name":"Accueil","item":"http:\/\/esadmm.fr\/en\/"},{"@type":"ListItem","position":2,"name":"WELCOME","item":"http:\/\/esadmm.fr\/en\/welcome\/"},{"@type":"ListItem","position":3,"name":"Research"}]}]}},"_links":{"self":[{"href":"http:\/\/esadmm.fr\/en\/wp-json\/wp\/v2\/pages\/124","targetHints":{"allow":["GET"]}}],"collection":[{"href":"http:\/\/esadmm.fr\/en\/wp-json\/wp\/v2\/pages"}],"about":[{"href":"http:\/\/esadmm.fr\/en\/wp-json\/wp\/v2\/types\/page"}],"author":[{"embeddable":true,"href":"http:\/\/esadmm.fr\/en\/wp-json\/wp\/v2\/users\/4"}],"replies":[{"embeddable":true,"href":"http:\/\/esadmm.fr\/en\/wp-json\/wp\/v2\/comments?post=124"}],"version-history":[{"count":5,"href":"http:\/\/esadmm.fr\/en\/wp-json\/wp\/v2\/pages\/124\/revisions"}],"predecessor-version":[{"id":192,"href":"http:\/\/esadmm.fr\/en\/wp-json\/wp\/v2\/pages\/124\/revisions\/192"}],"up":[{"embeddable":true,"href":"http:\/\/esadmm.fr\/en\/wp-json\/wp\/v2\/pages\/23"}],"wp:featuredmedia":[{"embeddable":true,"href":"http:\/\/esadmm.fr\/en\/wp-json\/wp\/v2\/media\/125"}],"wp:attachment":[{"href":"http:\/\/esadmm.fr\/en\/wp-json\/wp\/v2\/media?parent=124"}],"curies":[{"name":"wp","href":"https:\/\/api.w.org\/{rel}","templated":true}]}}